{"id":3,"date":"2020-01-20T20:39:36","date_gmt":"2020-01-20T19:39:36","guid":{"rendered":"https:\/\/www.corsifad.online\/?page_id=3"},"modified":"2020-04-14T16:48:34","modified_gmt":"2020-04-14T14:48:34","slug":"privacy-policy","status":"publish","type":"page","link":"https:\/\/www.corsifad.online\/?page_id=3","title":{"rendered":"Privacy Policy"},"content":{"rendered":"<p>GDPR<br \/>\n<strong>Informativa resa ai sensi degli art. 13-14 del GDPR (General Data Protection Regulation) 2016\/679<\/strong><\/p>\n<p style=\"text-align: justify;\">Ai sensi degli articoli 13-14 del GDPR 2016\/679 i dati personali verranno esclusivamente trattati ai fini dell&#8217;erogazione dei servizi offerti da FAPI.<br \/>\nIl Titolare del trattamento dati \u00e8 la FAPI con sede legale in Via Aureliana, 2 &#8211; 00187 ROMA &#8211; P.IVA 97038880833;<br \/>\nIl Responsabile del trattamento, cui \u00e8 possibile rivolgersi per esercitare i diritti di cui all&#8217;Art. 7 e\/o per eventuali chiarimenti in materia di tutela dati personali in FAPI, \u00e8 raggiungibile all\u2019indirizzo email: info@fapi.info<br \/>\nMaggiori informazioni potranno essere lette in calce al paragrafo:<br \/>\nFAPI non assume alcuna responsabilit\u00e0 in merito ad eventuali problemi che possano insorgere per effetto dell&#8217;utilizzazione del sito o di siti esterni ad esso collegati. FAPI, salvo diverse indicazioni di legge, non potr\u00e0 essere ritenuta in alcun modo responsabile dei danni di qualsiasi natura causati direttamente o indirettamente dall&#8217;accesso al sito, dall&#8217;incapacit\u00e0 o impossibilit\u00e0 di accedervi, dall&#8217;affidamento alle notizie in esso contenute o dal loro impiego. FAPI si riserva il diritto di modificare i contenuti del sito e di queste note in qualsiasi momento e senza alcun preavviso.<\/p>\n<p style=\"text-align: justify;\"><strong>Siti esterni collegati<\/strong><br \/>\nI collegamenti a siti esterni, indicati nel sito FAPI, sono forniti come semplice servizio agli utenti, con esclusione di ogni responsabilit\u00e0 sulla correttezza e sulla completezza dell\u2019insieme dei collegamenti indicati. L\u2019indicazione dei collegamenti non implica da parte di FAPI alcun tipo di approvazione o condivisione di responsabilit\u00e0 in relazione alla legittimit\u00e0, alla completezza e alla correttezza delle informazioni contenute nei siti indicati.<\/p>\n<p style=\"text-align: justify;\"><strong>TIPI DI DATI TRATTATI<\/strong><\/p>\n<p style=\"text-align: justify;\">Dati di navigazione<br \/>\nI sistemi informatici e le procedure software preposte al funzionamento di questo sito web acquisiscono, nel corso del loro normale esercizio, alcuni dati personali la cui trasmissione \u00e8 implicita nell\u2019uso dei protocolli di comunicazione di Internet.<br \/>\nSi tratta di informazioni che non sono raccolte per essere associate a interessati identificati, ma che per loro stessa natura potrebbero, attraverso elaborazioni ed associazioni con dati detenuti da terzi, permettere di identificare gli utenti.<br \/>\nIn questa categoria di dati rientrano gli indirizzi IP o i nomi di dominio dei computer utilizzati dagli utenti che si connettono al sito, gli indirizzi in notazione URI (Uniform Resource Identifier) delle risorse richieste, l\u2019orario della richiesta, il metodo utilizzato nel sottoporre la richiesta al server, la dimensione del file ottenuto in risposta, il codice numerico indicante lo stato della risposta data dal server (buon fine, errore, ecc.) ed altri parametri relativi al sistema operativo e all\u2019ambiente informatico dell\u2019utente.<br \/>\nQuesti dati vengono utilizzati al fine di ricavare informazioni statistiche anonime sull\u2019uso del sito e per assicurarne il corretto funzionamento. I dati potrebbero essere utilizzati, dietro richiesta delle competenti Autorit\u00e0, per l\u2019eventuale accertamento di responsabilit\u00e0 in caso di ipotetici reati informatici ai danni del sito.<\/p>\n<p style=\"text-align: justify;\"><strong>Dati forniti volontariamente dall\u2019utente<\/strong><\/p>\n<p style=\"text-align: justify;\">Per l\u2019accesso ad alcuni servizi erogati tramite questo sito, potr\u00e0 essere richiesto l\u2019invio facoltativo, esplicito e volontario di posta elettronica agli indirizzi indicati su questo sito. L\u2019eventuale richiesta comporta la successiva acquisizione dell\u2019indirizzo del mittente, necessario per rispondere alle richieste, nonch\u00e9 degli eventuali altri dati personali inseriti nella comunicazione.<br \/>\nSpecifiche informative verranno eventualmente riportate o visualizzate nelle pagine del sito predisposte per particolari servizi a richiesta.<\/p>\n<p style=\"text-align: justify;\"><strong>Ai sensi dell&#8217;articolo 13 del GDPR 2016\/679, Le forniamo le seguenti informazioni:<\/strong><\/p>\n<p style=\"text-align: justify;\">1. I dati personali (nome, cognome, telefono, indirizzo email, etc), saranno richiesti solo al momento della registrazione al sito web in funzione del tipo iscrizione richiesta (acquisti, newsletter.. etc.).<br \/>\nI dati personali forniti saranno oggetto:<br \/>\n\u2022 in relazione ad obblighi di legge:<br \/>\ndi trattamento connesso alla gestione fiscale (fatturazione, IVA, etc.);<br \/>\n\u2022 in relazione all\u2019 esercizio interno dell\u2019azienda:<br \/>\ndi trattamento ai fini della gestione anagrafica (indirizzo di spedizione, contatto telefonico.. etc.)<br \/>\n\u2022 in relazione ad eventuali invii di email:<br \/>\ndi trattamento ai fini di eventuali invii di messaggi di posta elettronica (ordini, spedizioni, promozioni)<\/p>\n<p style=\"text-align: justify;\">Si informa che, tenuto conto delle finalit\u00e0 del trattamento come sopra illustrate, il conferimento dei dati \u00e8 obbligatorio ed il loro mancato, parziale o inesatto conferimento potr\u00e0 avere, come conseguenza, l&#8217;impossibilit\u00e0 di svolgere l\u2019attivit\u00e0 di vendita e preclude a FAPI di assolvere gli adempimenti contrattuali.<\/p>\n<p style=\"text-align: justify;\">Ove il soggetto che conferisce i dati abbia un&#8217;et\u00e0 inferiore ai 16 anni, tale trattamento \u00e8 lecito soltanto se e nella misura in cui, tale consenso \u00e8 prestato o autorizzato dal titolare della responsabilit\u00e0 genitoriale per il quale sono acquisiti i dati identificativi e copia dei documenti di riconoscimento.<\/p>\n<p style=\"text-align: justify;\">Il trattamento sar\u00e0 effettuato sia con strumenti manuali e\/o informatici e telematici con logiche di organizzazione ed elaborazione strettamente correlate alle finalit\u00e0 stesse e comunque in modo da garantire la sicurezza, l&#8217;integrit\u00e0 e la riservatezza dei dati stessi nel rispetto delle misure organizzative, fisiche e logiche previste dalle disposizioni vigenti.<br \/>\nI dati personali vengono conservati per tutta la durata del rapporto e, nel caso di revoca e\/o altro tipo di cessazione del rapporto, nei termini prescrizionali indicati nell\u2019art. 19 del D. L.vo 35\/2017.<\/p>\n<p style=\"text-align: justify;\">Lei potr\u00e0, in qualsiasi momento, esercitare i diritti:<br \/>\na. di accesso ai dati personali;<br \/>\nb. di ottenere la rettifica o la cancellazione degli stessi o la limitazione del trattamento che lo riguardano;<br \/>\nc. di opporsi al trattamento;<br \/>\nd. alla portabilit\u00e0 dei dati;<br \/>\ne. di revocare il consenso, ove previsto: la revoca del consenso non pregiudica la liceit\u00e0 del trattamento basata sul consenso conferito prima della revoca;<br \/>\nf. di proporre reclamo all&#8217;autorit\u00e0 di controllo (Garante Privacy).<br \/>\nL\u2019esercizio dei suoi diritti potr\u00e0 avvenire attraverso l\u2019invio di una richiesta mediante email all\u2019indirizzo info@fapi.info.<\/p>\n<p style=\"text-align: justify;\">Il Titolare del trattamento dati \u00e8 la FAPI &#8211; Via Aureliana, 2 &#8211; 00187 ROMA. Il Responsabile del Trattamento, cui \u00e8 possibile rivolgersi per esercitare i diritti di cui all&#8217;Art. 12 e\/o per eventuali chiarimenti in materia di tutela dati personali, \u00e8 raggiungibile all\u2019indirizzo: info@fapi.info.<\/p>\n","protected":false},"excerpt":{"rendered":"<p>GDPR Informativa resa ai sensi degli art. 13-14 del GDPR (General Data Protection Regulation) 2016\/679 Ai sensi degli articoli 13-14 del GDPR 2016\/679 i dati personali verranno esclusivamente trattati ai fini dell&#8217;erogazione dei servizi offerti da FAPI. Il Titolare del trattamento dati \u00e8 la FAPI con sede legale in Via Aureliana, 2 &#8211; 00187 ROMA&hellip;<\/p>\n","protected":false},"author":1,"featured_media":0,"parent":0,"menu_order":0,"comment_status":"closed","ping_status":"open","template":"","meta":[],"_links":{"self":[{"href":"https:\/\/www.corsifad.online\/index.php?rest_route=\/wp\/v2\/pages\/3"}],"collection":[{"href":"https:\/\/www.corsifad.online\/index.php?rest_route=\/wp\/v2\/pages"}],"about":[{"href":"https:\/\/www.corsifad.online\/index.php?rest_route=\/wp\/v2\/types\/page"}],"author":[{"embeddable":true,"href":"https:\/\/www.corsifad.online\/index.php?rest_route=\/wp\/v2\/users\/1"}],"replies":[{"embeddable":true,"href":"https:\/\/www.corsifad.online\/index.php?rest_route=%2Fwp%2Fv2%2Fcomments&post=3"}],"version-history":[{"count":0,"href":"https:\/\/www.corsifad.online\/index.php?rest_route=\/wp\/v2\/pages\/3\/revisions"}],"wp:attachment":[{"href":"https:\/\/www.corsifad.online\/index.php?rest_route=%2Fwp%2Fv2%2Fmedia&parent=3"}],"curies":[{"name":"wp","href":"https:\/\/api.w.org\/{rel}","templated":true}]}}